{"id":17700,"date":"2023-03-25T13:56:53","date_gmt":"2023-03-25T12:56:53","guid":{"rendered":"https:\/\/ikre-bern.ch\/product\/schwarzkuemmeloel-premium\/"},"modified":"2023-03-25T13:56:53","modified_gmt":"2023-03-25T12:56:53","slug":"schwarzkuemmeloel-premium","status":"publish","type":"product","link":"https:\/\/ikre-bern.ch\/sq\/produkt\/schwarzkuemmeloel-premium\/","title":{"rendered":"Schwarzk\u00fcmmel\u00f6l Premium"},"content":{"rendered":"<div id=\"cmsmasters_row_0e11fe07ee\" class=\"cmsmasters_row cmsmasters_color_scheme_default cmsmasters_row_top_default cmsmasters_row_bot_default cmsmasters_row_boxed\">\n<div class=\"cmsmasters_row_outer_parent\">\n<div class=\"cmsmasters_row_outer\">\n<div class=\"cmsmasters_row_inner\">\n<div class=\"cmsmasters_row_margin\">\n<div id=\"cmsmasters_column_\" class=\"cmsmasters_column one_first\">\n<div class=\"cmsmasters_column_inner\"><div class=\"cmsmasters_text\">\n<p>Gem\u00e4ss einem Hadith aus Sahih Bukhari (5687) sagte der Prophet Muhammad (saws): \u201eIm Schwarzk\u00fcmmel gibt es Heilung f\u00fcr jede Erkrankung, mit Ausnahme des Todes\u201c.<\/p>\n<p>Schwarzk\u00fcmmel wird seit Jahrtausenden in vielen verschiedenen medizinischen Traditionen verwendet. Der Prophet Mohammed, s.a.w., spricht sich explizit f\u00fcr seine Anwendungen aus. Moderne wissenschaftlich Studien scheinen die m\u00f6gliche Anwendung bei einer Vielzahl von Krankheiten zu belegen.<\/p>\n<\/div>\n<\/div><\/div>\n<\/div>\n<\/div>\n<\/div>\n<\/div>\n<\/div>\n\n","protected":false},"excerpt":{"rendered":"<p>100 ml Schwarzk\u00fcmmel\u00f6l &#8211; Premium Qualit\u00e4t von HEMANI<\/p>\n<p>Schwarzk\u00fcmmel\u00f6l gilt als Heilmittel f\u00fcr zahlreiche Beschwerden.<\/p>\n","protected":false},"featured_media":17698,"comment_status":"closed","ping_status":"closed","template":"","meta":[],"product_brand":[],"product_cat":[190],"product_tag":[],"class_list":{"0":"post-17700","1":"product","2":"type-product","3":"status-publish","4":"has-post-thumbnail","6":"product_cat-shendetsore","8":"first","9":"instock","10":"shipping-taxable","11":"product-type-simple"},"yoast_head":"<!-- This site is optimized with the Yoast SEO plugin v27.4 - https:\/\/yoast.com\/product\/yoast-seo-wordpress\/ -->\n<title>Schwarzk\u00fcmmel\u00f6l Premium - IKRE Bern<\/title>\n<meta name=\"robots\" content=\"index, follow, max-snippet:-1, max-image-preview:large, max-video-preview:-1\" \/>\n<link rel=\"canonical\" href=\"https:\/\/ikre-bern.ch\/sq\/produkt\/schwarzkuemmeloel-premium\/\" \/>\n<meta property=\"og:locale\" content=\"sq_AL\" \/>\n<meta property=\"og:type\" content=\"article\" \/>\n<meta property=\"og:title\" content=\"Schwarzk\u00fcmmel\u00f6l Premium - IKRE Bern\" \/>\n<meta property=\"og:description\" content=\"100 ml Schwarzk\u00fcmmel\u00f6l - Premium Qualit\u00e4t von HEMANI  Schwarzk\u00fcmmel\u00f6l gilt als Heilmittel f\u00fcr zahlreiche Beschwerden.\" \/>\n<meta property=\"og:url\" content=\"https:\/\/ikre-bern.ch\/sq\/produkt\/schwarzkuemmeloel-premium\/\" \/>\n<meta property=\"og:site_name\" content=\"IKRE Bern\" \/>\n<meta property=\"article:publisher\" content=\"https:\/\/www.facebook.com\/ikre.bern\" \/>\n<meta name=\"twitter:card\" content=\"summary_large_image\" \/>\n<script type=\"application\/ld+json\" class=\"yoast-schema-graph\">{\"@context\":\"https:\\\/\\\/schema.org\",\"@graph\":[{\"@type\":\"WebPage\",\"@id\":\"https:\\\/\\\/ikre-bern.ch\\\/sq\\\/produkt\\\/schwarzkuemmeloel-premium\\\/\",\"url\":\"https:\\\/\\\/ikre-bern.ch\\\/sq\\\/produkt\\\/schwarzkuemmeloel-premium\\\/\",\"name\":\"Schwarzk\u00fcmmel\u00f6l Premium - IKRE Bern\",\"isPartOf\":{\"@id\":\"https:\\\/\\\/ikre-bern.ch\\\/#website\"},\"primaryImageOfPage\":{\"@id\":\"https:\\\/\\\/ikre-bern.ch\\\/sq\\\/produkt\\\/schwarzkuemmeloel-premium\\\/#primaryimage\"},\"image\":{\"@id\":\"https:\\\/\\\/ikre-bern.ch\\\/sq\\\/produkt\\\/schwarzkuemmeloel-premium\\\/#primaryimage\"},\"thumbnailUrl\":\"https:\\\/\\\/ikre-bern.ch\\\/wp-content\\\/uploads\\\/2015\\\/05\\\/Schwarzkuemmeloel-Premium.jpg\",\"datePublished\":\"2023-03-25T12:56:53+00:00\",\"breadcrumb\":{\"@id\":\"https:\\\/\\\/ikre-bern.ch\\\/sq\\\/produkt\\\/schwarzkuemmeloel-premium\\\/#breadcrumb\"},\"inLanguage\":\"sq-AL\",\"potentialAction\":[{\"@type\":\"ReadAction\",\"target\":[\"https:\\\/\\\/ikre-bern.ch\\\/sq\\\/produkt\\\/schwarzkuemmeloel-premium\\\/\"]}]},{\"@type\":\"ImageObject\",\"inLanguage\":\"sq-AL\",\"@id\":\"https:\\\/\\\/ikre-bern.ch\\\/sq\\\/produkt\\\/schwarzkuemmeloel-premium\\\/#primaryimage\",\"url\":\"https:\\\/\\\/ikre-bern.ch\\\/wp-content\\\/uploads\\\/2015\\\/05\\\/Schwarzkuemmeloel-Premium.jpg\",\"contentUrl\":\"https:\\\/\\\/ikre-bern.ch\\\/wp-content\\\/uploads\\\/2015\\\/05\\\/Schwarzkuemmeloel-Premium.jpg\",\"width\":1024,\"height\":1024},{\"@type\":\"BreadcrumbList\",\"@id\":\"https:\\\/\\\/ikre-bern.ch\\\/sq\\\/produkt\\\/schwarzkuemmeloel-premium\\\/#breadcrumb\",\"itemListElement\":[{\"@type\":\"ListItem\",\"position\":1,\"name\":\"Home\",\"item\":\"https:\\\/\\\/ikre-bern.ch\\\/sq\\\/\"},{\"@type\":\"ListItem\",\"position\":2,\"name\":\"Shop\",\"item\":\"https:\\\/\\\/ikre-bern.ch\\\/sq\\\/shop\\\/\"},{\"@type\":\"ListItem\",\"position\":3,\"name\":\"Schwarzk\u00fcmmel\u00f6l Premium\"}]},{\"@type\":\"WebSite\",\"@id\":\"https:\\\/\\\/ikre-bern.ch\\\/#website\",\"url\":\"https:\\\/\\\/ikre-bern.ch\\\/\",\"name\":\"IKRE Bern\",\"description\":\"Islamische Gemeinschaft Bern\",\"publisher\":{\"@id\":\"https:\\\/\\\/ikre-bern.ch\\\/#organization\"},\"potentialAction\":[{\"@type\":\"SearchAction\",\"target\":{\"@type\":\"EntryPoint\",\"urlTemplate\":\"https:\\\/\\\/ikre-bern.ch\\\/?s={search_term_string}\"},\"query-input\":{\"@type\":\"PropertyValueSpecification\",\"valueRequired\":true,\"valueName\":\"search_term_string\"}}],\"inLanguage\":\"sq-AL\"},{\"@type\":\"Organization\",\"@id\":\"https:\\\/\\\/ikre-bern.ch\\\/#organization\",\"name\":\"IKRE Bern\",\"url\":\"https:\\\/\\\/ikre-bern.ch\\\/\",\"logo\":{\"@type\":\"ImageObject\",\"inLanguage\":\"sq-AL\",\"@id\":\"https:\\\/\\\/ikre-bern.ch\\\/#\\\/schema\\\/logo\\\/image\\\/\",\"url\":\"https:\\\/\\\/ikre-bern.ch\\\/wp-content\\\/uploads\\\/2022\\\/10\\\/Ikre-bern-02.png\",\"contentUrl\":\"https:\\\/\\\/ikre-bern.ch\\\/wp-content\\\/uploads\\\/2022\\\/10\\\/Ikre-bern-02.png\",\"width\":4467,\"height\":1715,\"caption\":\"IKRE Bern\"},\"image\":{\"@id\":\"https:\\\/\\\/ikre-bern.ch\\\/#\\\/schema\\\/logo\\\/image\\\/\"},\"sameAs\":[\"https:\\\/\\\/www.facebook.com\\\/ikre.bern\"]}]}<\/script>\n<!-- \/ Yoast SEO plugin. -->","yoast_head_json":{"title":"Schwarzk\u00fcmmel\u00f6l Premium - IKRE Bern","robots":{"index":"index","follow":"follow","max-snippet":"max-snippet:-1","max-image-preview":"max-image-preview:large","max-video-preview":"max-video-preview:-1"},"canonical":"https:\/\/ikre-bern.ch\/sq\/produkt\/schwarzkuemmeloel-premium\/","og_locale":"sq_AL","og_type":"article","og_title":"Schwarzk\u00fcmmel\u00f6l Premium - IKRE Bern","og_description":"100 ml Schwarzk\u00fcmmel\u00f6l - Premium Qualit\u00e4t von HEMANI  Schwarzk\u00fcmmel\u00f6l gilt als Heilmittel f\u00fcr zahlreiche Beschwerden.","og_url":"https:\/\/ikre-bern.ch\/sq\/produkt\/schwarzkuemmeloel-premium\/","og_site_name":"IKRE Bern","article_publisher":"https:\/\/www.facebook.com\/ikre.bern","twitter_card":"summary_large_image","schema":{"@context":"https:\/\/schema.org","@graph":[{"@type":"WebPage","@id":"https:\/\/ikre-bern.ch\/sq\/produkt\/schwarzkuemmeloel-premium\/","url":"https:\/\/ikre-bern.ch\/sq\/produkt\/schwarzkuemmeloel-premium\/","name":"Schwarzk\u00fcmmel\u00f6l Premium - IKRE Bern","isPartOf":{"@id":"https:\/\/ikre-bern.ch\/#website"},"primaryImageOfPage":{"@id":"https:\/\/ikre-bern.ch\/sq\/produkt\/schwarzkuemmeloel-premium\/#primaryimage"},"image":{"@id":"https:\/\/ikre-bern.ch\/sq\/produkt\/schwarzkuemmeloel-premium\/#primaryimage"},"thumbnailUrl":"https:\/\/ikre-bern.ch\/wp-content\/uploads\/2015\/05\/Schwarzkuemmeloel-Premium.jpg","datePublished":"2023-03-25T12:56:53+00:00","breadcrumb":{"@id":"https:\/\/ikre-bern.ch\/sq\/produkt\/schwarzkuemmeloel-premium\/#breadcrumb"},"inLanguage":"sq-AL","potentialAction":[{"@type":"ReadAction","target":["https:\/\/ikre-bern.ch\/sq\/produkt\/schwarzkuemmeloel-premium\/"]}]},{"@type":"ImageObject","inLanguage":"sq-AL","@id":"https:\/\/ikre-bern.ch\/sq\/produkt\/schwarzkuemmeloel-premium\/#primaryimage","url":"https:\/\/ikre-bern.ch\/wp-content\/uploads\/2015\/05\/Schwarzkuemmeloel-Premium.jpg","contentUrl":"https:\/\/ikre-bern.ch\/wp-content\/uploads\/2015\/05\/Schwarzkuemmeloel-Premium.jpg","width":1024,"height":1024},{"@type":"BreadcrumbList","@id":"https:\/\/ikre-bern.ch\/sq\/produkt\/schwarzkuemmeloel-premium\/#breadcrumb","itemListElement":[{"@type":"ListItem","position":1,"name":"Home","item":"https:\/\/ikre-bern.ch\/sq\/"},{"@type":"ListItem","position":2,"name":"Shop","item":"https:\/\/ikre-bern.ch\/sq\/shop\/"},{"@type":"ListItem","position":3,"name":"Schwarzk\u00fcmmel\u00f6l Premium"}]},{"@type":"WebSite","@id":"https:\/\/ikre-bern.ch\/#website","url":"https:\/\/ikre-bern.ch\/","name":"IKRE Bern","description":"Islamische Gemeinschaft Bern","publisher":{"@id":"https:\/\/ikre-bern.ch\/#organization"},"potentialAction":[{"@type":"SearchAction","target":{"@type":"EntryPoint","urlTemplate":"https:\/\/ikre-bern.ch\/?s={search_term_string}"},"query-input":{"@type":"PropertyValueSpecification","valueRequired":true,"valueName":"search_term_string"}}],"inLanguage":"sq-AL"},{"@type":"Organization","@id":"https:\/\/ikre-bern.ch\/#organization","name":"IKRE Bern","url":"https:\/\/ikre-bern.ch\/","logo":{"@type":"ImageObject","inLanguage":"sq-AL","@id":"https:\/\/ikre-bern.ch\/#\/schema\/logo\/image\/","url":"https:\/\/ikre-bern.ch\/wp-content\/uploads\/2022\/10\/Ikre-bern-02.png","contentUrl":"https:\/\/ikre-bern.ch\/wp-content\/uploads\/2022\/10\/Ikre-bern-02.png","width":4467,"height":1715,"caption":"IKRE Bern"},"image":{"@id":"https:\/\/ikre-bern.ch\/#\/schema\/logo\/image\/"},"sameAs":["https:\/\/www.facebook.com\/ikre.bern"]}]}},"_links":{"self":[{"href":"https:\/\/ikre-bern.ch\/sq\/wp-json\/wp\/v2\/product\/17700","targetHints":{"allow":["GET"]}}],"collection":[{"href":"https:\/\/ikre-bern.ch\/sq\/wp-json\/wp\/v2\/product"}],"about":[{"href":"https:\/\/ikre-bern.ch\/sq\/wp-json\/wp\/v2\/types\/product"}],"replies":[{"embeddable":true,"href":"https:\/\/ikre-bern.ch\/sq\/wp-json\/wp\/v2\/comments?post=17700"}],"wp:featuredmedia":[{"embeddable":true,"href":"https:\/\/ikre-bern.ch\/sq\/wp-json\/wp\/v2\/media\/17698"}],"wp:attachment":[{"href":"https:\/\/ikre-bern.ch\/sq\/wp-json\/wp\/v2\/media?parent=17700"}],"wp:term":[{"taxonomy":"product_brand","embeddable":true,"href":"https:\/\/ikre-bern.ch\/sq\/wp-json\/wp\/v2\/product_brand?post=17700"},{"taxonomy":"product_cat","embeddable":true,"href":"https:\/\/ikre-bern.ch\/sq\/wp-json\/wp\/v2\/product_cat?post=17700"},{"taxonomy":"product_tag","embeddable":true,"href":"https:\/\/ikre-bern.ch\/sq\/wp-json\/wp\/v2\/product_tag?post=17700"}],"curies":[{"name":"wp","href":"https:\/\/api.w.org\/{rel}","templated":true}]}}