{"id":17088,"date":"2015-05-07T09:29:00","date_gmt":"2015-05-07T07:29:00","guid":{"rendered":"https:\/\/ikre-bern.ch\/product\/parfum-arab-per-burra\/"},"modified":"2023-02-22T20:28:36","modified_gmt":"2023-02-22T19:28:36","slug":"parfum-arab-per-burra","status":"publish","type":"product","link":"https:\/\/ikre-bern.ch\/sq\/produkt\/parfum-arab-per-burra\/","title":{"rendered":"Parfum arab p\u00ebr burra"},"content":{"rendered":"<div id=\"cmsmasters_row_d3fa399d36\" class=\"cmsmasters_row cmsmasters_color_scheme_default cmsmasters_row_top_default cmsmasters_row_bot_default cmsmasters_row_boxed\">\n<div class=\"cmsmasters_row_outer_parent\">\n<div class=\"cmsmasters_row_outer\">\n<div class=\"cmsmasters_row_inner\">\n<div class=\"cmsmasters_row_margin\">\n<div id=\"cmsmasters_column_\" class=\"cmsmasters_column one_first\">\n<div class=\"cmsmasters_column_inner\"><div class=\"cmsmasters_text\">\n<p>Parfumet kan\u00eb luajtur gjithmon\u00eb nj\u00eb rol t\u00eb madh n\u00eb bot\u00ebn muslimane. Prodhimi i aromave, temjanit dhe parfumeve \u00ebsht\u00eb nj\u00eb nga zanatet m\u00eb t\u00eb vjetra n\u00eb Gadishullin Arabik. P\u00ebr m\u00eb tep\u00ebr, k\u00ebto tradita jan\u00eb nj\u00eb pjes\u00eb e r\u00ebnd\u00ebsishme e kultur\u00ebs orientale. Frankincense \u00ebsht\u00eb aroma m\u00eb e zakonshme q\u00eb p\u00ebrdoret n\u00eb t\u00eb gjith\u00eb bot\u00ebn muslimane. Rr\u00ebshira e arom\u00ebs \u00ebsht\u00eb pjes\u00eb e shum\u00eb p\u00ebrzierjeve krem \u200b\u200bose parfume. Druri i sandalit, mirr\u00eb, shafran ose petale me tr\u00ebndafila gjithashtu p\u00ebrdoren shpesh.<\/p>\n<\/div>\n<\/div><\/div>\n<\/div>\n<\/div>\n<\/div>\n<\/div>\n<\/div>\n\n","protected":false},"excerpt":{"rendered":"<p>Vaj parfum pa alkool p\u00ebr burrat<\/p>\n","protected":false},"featured_media":17060,"comment_status":"closed","ping_status":"closed","template":"","meta":[],"product_brand":[],"product_cat":[187],"product_tag":[],"class_list":{"0":"post-17088","1":"product","2":"type-product","3":"status-publish","4":"has-post-thumbnail","6":"product_cat-kosmetik-sq","8":"first","9":"instock","10":"shipping-taxable","11":"purchasable","12":"product-type-simple"},"yoast_head":"<!-- This site is optimized with the Yoast SEO plugin v27.4 - https:\/\/yoast.com\/product\/yoast-seo-wordpress\/ -->\n<title>Parfum arab p\u00ebr burra - IKRE Bern<\/title>\n<meta name=\"robots\" content=\"index, follow, max-snippet:-1, max-image-preview:large, max-video-preview:-1\" \/>\n<link rel=\"canonical\" href=\"https:\/\/ikre-bern.ch\/sq\/produkt\/parfum-arab-per-burra\/\" \/>\n<meta property=\"og:locale\" content=\"sq_AL\" \/>\n<meta property=\"og:type\" content=\"article\" \/>\n<meta property=\"og:title\" content=\"Parfum arab p\u00ebr burra - IKRE Bern\" \/>\n<meta property=\"og:description\" content=\"Vaj parfum pa alkool p\u00ebr burrat\" \/>\n<meta property=\"og:url\" content=\"https:\/\/ikre-bern.ch\/sq\/produkt\/parfum-arab-per-burra\/\" \/>\n<meta property=\"og:site_name\" content=\"IKRE Bern\" \/>\n<meta property=\"article:publisher\" content=\"https:\/\/www.facebook.com\/ikre.bern\" \/>\n<meta property=\"article:modified_time\" content=\"2023-02-22T19:28:36+00:00\" \/>\n<meta property=\"og:image\" content=\"https:\/\/ikre-bern.ch\/wp-content\/uploads\/2020\/03\/IMG_6034.jpg\" \/>\n\t<meta property=\"og:image:width\" content=\"863\" \/>\n\t<meta property=\"og:image:height\" content=\"982\" \/>\n\t<meta property=\"og:image:type\" content=\"image\/jpeg\" \/>\n<meta name=\"twitter:card\" content=\"summary_large_image\" \/>\n<meta name=\"twitter:label1\" content=\"Est. reading time\" \/>\n\t<meta name=\"twitter:data1\" content=\"1 minute\" \/>\n<script type=\"application\/ld+json\" class=\"yoast-schema-graph\">{\"@context\":\"https:\\\/\\\/schema.org\",\"@graph\":[{\"@type\":\"WebPage\",\"@id\":\"https:\\\/\\\/ikre-bern.ch\\\/sq\\\/produkt\\\/parfum-arab-per-burra\\\/\",\"url\":\"https:\\\/\\\/ikre-bern.ch\\\/sq\\\/produkt\\\/parfum-arab-per-burra\\\/\",\"name\":\"Parfum arab p\u00ebr burra - IKRE Bern\",\"isPartOf\":{\"@id\":\"https:\\\/\\\/ikre-bern.ch\\\/#website\"},\"primaryImageOfPage\":{\"@id\":\"https:\\\/\\\/ikre-bern.ch\\\/sq\\\/produkt\\\/parfum-arab-per-burra\\\/#primaryimage\"},\"image\":{\"@id\":\"https:\\\/\\\/ikre-bern.ch\\\/sq\\\/produkt\\\/parfum-arab-per-burra\\\/#primaryimage\"},\"thumbnailUrl\":\"https:\\\/\\\/ikre-bern.ch\\\/wp-content\\\/uploads\\\/2020\\\/03\\\/IMG_6034.jpg\",\"datePublished\":\"2015-05-07T07:29:00+00:00\",\"dateModified\":\"2023-02-22T19:28:36+00:00\",\"breadcrumb\":{\"@id\":\"https:\\\/\\\/ikre-bern.ch\\\/sq\\\/produkt\\\/parfum-arab-per-burra\\\/#breadcrumb\"},\"inLanguage\":\"sq-AL\",\"potentialAction\":[{\"@type\":\"ReadAction\",\"target\":[\"https:\\\/\\\/ikre-bern.ch\\\/sq\\\/produkt\\\/parfum-arab-per-burra\\\/\"]}]},{\"@type\":\"ImageObject\",\"inLanguage\":\"sq-AL\",\"@id\":\"https:\\\/\\\/ikre-bern.ch\\\/sq\\\/produkt\\\/parfum-arab-per-burra\\\/#primaryimage\",\"url\":\"https:\\\/\\\/ikre-bern.ch\\\/wp-content\\\/uploads\\\/2020\\\/03\\\/IMG_6034.jpg\",\"contentUrl\":\"https:\\\/\\\/ikre-bern.ch\\\/wp-content\\\/uploads\\\/2020\\\/03\\\/IMG_6034.jpg\",\"width\":863,\"height\":982,\"caption\":\"Parf\u00fcm | Duft | Herrenduft\"},{\"@type\":\"BreadcrumbList\",\"@id\":\"https:\\\/\\\/ikre-bern.ch\\\/sq\\\/produkt\\\/parfum-arab-per-burra\\\/#breadcrumb\",\"itemListElement\":[{\"@type\":\"ListItem\",\"position\":1,\"name\":\"Home\",\"item\":\"https:\\\/\\\/ikre-bern.ch\\\/sq\\\/\"},{\"@type\":\"ListItem\",\"position\":2,\"name\":\"Shop\",\"item\":\"https:\\\/\\\/ikre-bern.ch\\\/sq\\\/shop\\\/\"},{\"@type\":\"ListItem\",\"position\":3,\"name\":\"Parfum arab p\u00ebr burra\"}]},{\"@type\":\"WebSite\",\"@id\":\"https:\\\/\\\/ikre-bern.ch\\\/#website\",\"url\":\"https:\\\/\\\/ikre-bern.ch\\\/\",\"name\":\"IKRE Bern\",\"description\":\"Islamische Gemeinschaft Bern\",\"publisher\":{\"@id\":\"https:\\\/\\\/ikre-bern.ch\\\/#organization\"},\"potentialAction\":[{\"@type\":\"SearchAction\",\"target\":{\"@type\":\"EntryPoint\",\"urlTemplate\":\"https:\\\/\\\/ikre-bern.ch\\\/?s={search_term_string}\"},\"query-input\":{\"@type\":\"PropertyValueSpecification\",\"valueRequired\":true,\"valueName\":\"search_term_string\"}}],\"inLanguage\":\"sq-AL\"},{\"@type\":\"Organization\",\"@id\":\"https:\\\/\\\/ikre-bern.ch\\\/#organization\",\"name\":\"IKRE Bern\",\"url\":\"https:\\\/\\\/ikre-bern.ch\\\/\",\"logo\":{\"@type\":\"ImageObject\",\"inLanguage\":\"sq-AL\",\"@id\":\"https:\\\/\\\/ikre-bern.ch\\\/#\\\/schema\\\/logo\\\/image\\\/\",\"url\":\"https:\\\/\\\/ikre-bern.ch\\\/wp-content\\\/uploads\\\/2022\\\/10\\\/Ikre-bern-02.png\",\"contentUrl\":\"https:\\\/\\\/ikre-bern.ch\\\/wp-content\\\/uploads\\\/2022\\\/10\\\/Ikre-bern-02.png\",\"width\":4467,\"height\":1715,\"caption\":\"IKRE Bern\"},\"image\":{\"@id\":\"https:\\\/\\\/ikre-bern.ch\\\/#\\\/schema\\\/logo\\\/image\\\/\"},\"sameAs\":[\"https:\\\/\\\/www.facebook.com\\\/ikre.bern\"]}]}<\/script>\n<!-- \/ Yoast SEO plugin. -->","yoast_head_json":{"title":"Parfum arab p\u00ebr burra - IKRE Bern","robots":{"index":"index","follow":"follow","max-snippet":"max-snippet:-1","max-image-preview":"max-image-preview:large","max-video-preview":"max-video-preview:-1"},"canonical":"https:\/\/ikre-bern.ch\/sq\/produkt\/parfum-arab-per-burra\/","og_locale":"sq_AL","og_type":"article","og_title":"Parfum arab p\u00ebr burra - IKRE Bern","og_description":"Vaj parfum pa alkool p\u00ebr burrat","og_url":"https:\/\/ikre-bern.ch\/sq\/produkt\/parfum-arab-per-burra\/","og_site_name":"IKRE Bern","article_publisher":"https:\/\/www.facebook.com\/ikre.bern","article_modified_time":"2023-02-22T19:28:36+00:00","og_image":[{"width":863,"height":982,"url":"https:\/\/ikre-bern.ch\/wp-content\/uploads\/2020\/03\/IMG_6034.jpg","type":"image\/jpeg"}],"twitter_card":"summary_large_image","twitter_misc":{"Est. reading time":"1 minute"},"schema":{"@context":"https:\/\/schema.org","@graph":[{"@type":"WebPage","@id":"https:\/\/ikre-bern.ch\/sq\/produkt\/parfum-arab-per-burra\/","url":"https:\/\/ikre-bern.ch\/sq\/produkt\/parfum-arab-per-burra\/","name":"Parfum arab p\u00ebr burra - IKRE Bern","isPartOf":{"@id":"https:\/\/ikre-bern.ch\/#website"},"primaryImageOfPage":{"@id":"https:\/\/ikre-bern.ch\/sq\/produkt\/parfum-arab-per-burra\/#primaryimage"},"image":{"@id":"https:\/\/ikre-bern.ch\/sq\/produkt\/parfum-arab-per-burra\/#primaryimage"},"thumbnailUrl":"https:\/\/ikre-bern.ch\/wp-content\/uploads\/2020\/03\/IMG_6034.jpg","datePublished":"2015-05-07T07:29:00+00:00","dateModified":"2023-02-22T19:28:36+00:00","breadcrumb":{"@id":"https:\/\/ikre-bern.ch\/sq\/produkt\/parfum-arab-per-burra\/#breadcrumb"},"inLanguage":"sq-AL","potentialAction":[{"@type":"ReadAction","target":["https:\/\/ikre-bern.ch\/sq\/produkt\/parfum-arab-per-burra\/"]}]},{"@type":"ImageObject","inLanguage":"sq-AL","@id":"https:\/\/ikre-bern.ch\/sq\/produkt\/parfum-arab-per-burra\/#primaryimage","url":"https:\/\/ikre-bern.ch\/wp-content\/uploads\/2020\/03\/IMG_6034.jpg","contentUrl":"https:\/\/ikre-bern.ch\/wp-content\/uploads\/2020\/03\/IMG_6034.jpg","width":863,"height":982,"caption":"Parf\u00fcm | Duft | Herrenduft"},{"@type":"BreadcrumbList","@id":"https:\/\/ikre-bern.ch\/sq\/produkt\/parfum-arab-per-burra\/#breadcrumb","itemListElement":[{"@type":"ListItem","position":1,"name":"Home","item":"https:\/\/ikre-bern.ch\/sq\/"},{"@type":"ListItem","position":2,"name":"Shop","item":"https:\/\/ikre-bern.ch\/sq\/shop\/"},{"@type":"ListItem","position":3,"name":"Parfum arab p\u00ebr burra"}]},{"@type":"WebSite","@id":"https:\/\/ikre-bern.ch\/#website","url":"https:\/\/ikre-bern.ch\/","name":"IKRE Bern","description":"Islamische Gemeinschaft Bern","publisher":{"@id":"https:\/\/ikre-bern.ch\/#organization"},"potentialAction":[{"@type":"SearchAction","target":{"@type":"EntryPoint","urlTemplate":"https:\/\/ikre-bern.ch\/?s={search_term_string}"},"query-input":{"@type":"PropertyValueSpecification","valueRequired":true,"valueName":"search_term_string"}}],"inLanguage":"sq-AL"},{"@type":"Organization","@id":"https:\/\/ikre-bern.ch\/#organization","name":"IKRE Bern","url":"https:\/\/ikre-bern.ch\/","logo":{"@type":"ImageObject","inLanguage":"sq-AL","@id":"https:\/\/ikre-bern.ch\/#\/schema\/logo\/image\/","url":"https:\/\/ikre-bern.ch\/wp-content\/uploads\/2022\/10\/Ikre-bern-02.png","contentUrl":"https:\/\/ikre-bern.ch\/wp-content\/uploads\/2022\/10\/Ikre-bern-02.png","width":4467,"height":1715,"caption":"IKRE Bern"},"image":{"@id":"https:\/\/ikre-bern.ch\/#\/schema\/logo\/image\/"},"sameAs":["https:\/\/www.facebook.com\/ikre.bern"]}]}},"_links":{"self":[{"href":"https:\/\/ikre-bern.ch\/sq\/wp-json\/wp\/v2\/product\/17088","targetHints":{"allow":["GET"]}}],"collection":[{"href":"https:\/\/ikre-bern.ch\/sq\/wp-json\/wp\/v2\/product"}],"about":[{"href":"https:\/\/ikre-bern.ch\/sq\/wp-json\/wp\/v2\/types\/product"}],"replies":[{"embeddable":true,"href":"https:\/\/ikre-bern.ch\/sq\/wp-json\/wp\/v2\/comments?post=17088"}],"wp:featuredmedia":[{"embeddable":true,"href":"https:\/\/ikre-bern.ch\/sq\/wp-json\/wp\/v2\/media\/17060"}],"wp:attachment":[{"href":"https:\/\/ikre-bern.ch\/sq\/wp-json\/wp\/v2\/media?parent=17088"}],"wp:term":[{"taxonomy":"product_brand","embeddable":true,"href":"https:\/\/ikre-bern.ch\/sq\/wp-json\/wp\/v2\/product_brand?post=17088"},{"taxonomy":"product_cat","embeddable":true,"href":"https:\/\/ikre-bern.ch\/sq\/wp-json\/wp\/v2\/product_cat?post=17088"},{"taxonomy":"product_tag","embeddable":true,"href":"https:\/\/ikre-bern.ch\/sq\/wp-json\/wp\/v2\/product_tag?post=17088"}],"curies":[{"name":"wp","href":"https:\/\/api.w.org\/{rel}","templated":true}]}}