{"id":17086,"date":"2015-05-07T09:35:24","date_gmt":"2015-05-07T07:35:24","guid":{"rendered":"https:\/\/ikre-bern.ch\/product\/vaj-kokosi\/"},"modified":"2020-03-15T16:05:54","modified_gmt":"2020-03-15T15:05:54","slug":"vaj-kokosi","status":"publish","type":"product","link":"https:\/\/ikre-bern.ch\/sq\/produkt\/vaj-kokosi\/","title":{"rendered":"Vaj kokosi"},"content":{"rendered":"<div id=\"cmsmasters_row_fca5a3118e\" class=\"cmsmasters_row cmsmasters_color_scheme_default cmsmasters_row_top_default cmsmasters_row_bot_default cmsmasters_row_boxed\">\n<div class=\"cmsmasters_row_outer_parent\">\n<div class=\"cmsmasters_row_outer\">\n<div class=\"cmsmasters_row_inner\">\n<div class=\"cmsmasters_row_margin\">\n<div id=\"cmsmasters_column_\" class=\"cmsmasters_column one_first\">\n<div class=\"cmsmasters_column_inner\"><div class=\"cmsmasters_text\">\n<p id=\"tw-target-text\" class=\"tw-data-text tw-text-large tw-ta\" data-placeholder=\"\u00dcbersetzung\"><span lang=\"sq\">Vaji i kokosit \u00ebsht\u00eb i pasur me minerale, antioksidant\u00eb dhe vitamina. Fal\u00eb efektit t\u00eb tij antibakterial, vaji i kokosit ndihmon edhe tek pu\u00e7rrat e shkaktuara nga l\u00ebkura dhe pu\u00e7rrat e irrituara. P\u00ebr m\u00eb tep\u00ebr, vaji i kokosit hidraton, qet\u00ebson inflamacionin n\u00eb fytyr\u00eb dhe e b\u00ebn l\u00ebkur\u00ebn t\u00eb k\u00ebndshme dhe t\u00eb but\u00eb.<\/span><\/p>\n<\/div>\n<\/div><\/div>\n<\/div>\n<\/div>\n<\/div>\n<\/div>\n<\/div>\n\n","protected":false},"excerpt":{"rendered":"<p id=\"tw-target-text\" class=\"tw-data-text tw-text-large tw-ta\" data-placeholder=\"\u00dcbersetzung\"><span lang=\"sq\">Vaj kokosi ose vaji i arr\u00ebs s\u00eb kokosit \u00ebsht\u00eb nj\u00eb mrekulli e v\u00ebrtet\u00eb. Ajo jep l\u00ebkur\u00eb prej kadifeje dhe flok\u00eb t\u00eb but\u00eb dhe mund t\u00eb kund\u00ebrveproj\u00eb me l\u00ebkur\u00ebn e njomur, herpesin dhe celulitin.<\/span><\/p>\n","protected":false},"featured_media":17056,"comment_status":"closed","ping_status":"closed","template":"","meta":[],"product_brand":[],"product_cat":[187],"product_tag":[],"class_list":{"0":"post-17086","1":"product","2":"type-product","3":"status-publish","4":"has-post-thumbnail","6":"product_cat-kosmetik-sq","8":"first","9":"outofstock","10":"shipping-taxable","11":"purchasable","12":"product-type-simple"},"yoast_head":"<!-- This site is optimized with the Yoast SEO plugin v27.4 - https:\/\/yoast.com\/product\/yoast-seo-wordpress\/ -->\n<title>Vaj kokosi - IKRE Bern<\/title>\n<meta name=\"robots\" content=\"index, follow, max-snippet:-1, max-image-preview:large, max-video-preview:-1\" \/>\n<link rel=\"canonical\" href=\"https:\/\/ikre-bern.ch\/sq\/produkt\/vaj-kokosi\/\" \/>\n<meta property=\"og:locale\" content=\"sq_AL\" \/>\n<meta property=\"og:type\" content=\"article\" \/>\n<meta property=\"og:title\" content=\"Vaj kokosi - IKRE Bern\" \/>\n<meta property=\"og:description\" content=\"Vaj kokosi ose vaji i arr\u00ebs s\u00eb kokosit \u00ebsht\u00eb nj\u00eb mrekulli e v\u00ebrtet\u00eb. Ajo jep l\u00ebkur\u00eb prej kadifeje dhe flok\u00eb t\u00eb but\u00eb dhe mund t\u00eb kund\u00ebrveproj\u00eb me l\u00ebkur\u00ebn e njomur, herpesin dhe celulitin.\" \/>\n<meta property=\"og:url\" content=\"https:\/\/ikre-bern.ch\/sq\/produkt\/vaj-kokosi\/\" \/>\n<meta property=\"og:site_name\" content=\"IKRE Bern\" \/>\n<meta property=\"article:publisher\" content=\"https:\/\/www.facebook.com\/ikre.bern\" \/>\n<meta property=\"article:modified_time\" content=\"2020-03-15T15:05:54+00:00\" \/>\n<meta property=\"og:image\" content=\"https:\/\/ikre-bern.ch\/wp-content\/uploads\/2020\/03\/IMG_6031.jpg\" \/>\n\t<meta property=\"og:image:width\" content=\"997\" \/>\n\t<meta property=\"og:image:height\" content=\"1620\" \/>\n\t<meta property=\"og:image:type\" content=\"image\/jpeg\" \/>\n<meta name=\"twitter:card\" content=\"summary_large_image\" \/>\n<script type=\"application\/ld+json\" class=\"yoast-schema-graph\">{\"@context\":\"https:\\\/\\\/schema.org\",\"@graph\":[{\"@type\":\"WebPage\",\"@id\":\"https:\\\/\\\/ikre-bern.ch\\\/sq\\\/produkt\\\/vaj-kokosi\\\/\",\"url\":\"https:\\\/\\\/ikre-bern.ch\\\/sq\\\/produkt\\\/vaj-kokosi\\\/\",\"name\":\"Vaj kokosi - IKRE Bern\",\"isPartOf\":{\"@id\":\"https:\\\/\\\/ikre-bern.ch\\\/#website\"},\"primaryImageOfPage\":{\"@id\":\"https:\\\/\\\/ikre-bern.ch\\\/sq\\\/produkt\\\/vaj-kokosi\\\/#primaryimage\"},\"image\":{\"@id\":\"https:\\\/\\\/ikre-bern.ch\\\/sq\\\/produkt\\\/vaj-kokosi\\\/#primaryimage\"},\"thumbnailUrl\":\"https:\\\/\\\/ikre-bern.ch\\\/wp-content\\\/uploads\\\/2020\\\/03\\\/IMG_6031.jpg\",\"datePublished\":\"2015-05-07T07:35:24+00:00\",\"dateModified\":\"2020-03-15T15:05:54+00:00\",\"breadcrumb\":{\"@id\":\"https:\\\/\\\/ikre-bern.ch\\\/sq\\\/produkt\\\/vaj-kokosi\\\/#breadcrumb\"},\"inLanguage\":\"sq-AL\",\"potentialAction\":[{\"@type\":\"ReadAction\",\"target\":[\"https:\\\/\\\/ikre-bern.ch\\\/sq\\\/produkt\\\/vaj-kokosi\\\/\"]}]},{\"@type\":\"ImageObject\",\"inLanguage\":\"sq-AL\",\"@id\":\"https:\\\/\\\/ikre-bern.ch\\\/sq\\\/produkt\\\/vaj-kokosi\\\/#primaryimage\",\"url\":\"https:\\\/\\\/ikre-bern.ch\\\/wp-content\\\/uploads\\\/2020\\\/03\\\/IMG_6031.jpg\",\"contentUrl\":\"https:\\\/\\\/ikre-bern.ch\\\/wp-content\\\/uploads\\\/2020\\\/03\\\/IMG_6031.jpg\",\"width\":997,\"height\":1620,\"caption\":\"Kokosnuss\u00f6l | Bio |\"},{\"@type\":\"BreadcrumbList\",\"@id\":\"https:\\\/\\\/ikre-bern.ch\\\/sq\\\/produkt\\\/vaj-kokosi\\\/#breadcrumb\",\"itemListElement\":[{\"@type\":\"ListItem\",\"position\":1,\"name\":\"Home\",\"item\":\"https:\\\/\\\/ikre-bern.ch\\\/sq\\\/\"},{\"@type\":\"ListItem\",\"position\":2,\"name\":\"Shop\",\"item\":\"https:\\\/\\\/ikre-bern.ch\\\/sq\\\/shop\\\/\"},{\"@type\":\"ListItem\",\"position\":3,\"name\":\"Vaj kokosi\"}]},{\"@type\":\"WebSite\",\"@id\":\"https:\\\/\\\/ikre-bern.ch\\\/#website\",\"url\":\"https:\\\/\\\/ikre-bern.ch\\\/\",\"name\":\"IKRE Bern\",\"description\":\"Islamische Gemeinschaft Bern\",\"publisher\":{\"@id\":\"https:\\\/\\\/ikre-bern.ch\\\/#organization\"},\"potentialAction\":[{\"@type\":\"SearchAction\",\"target\":{\"@type\":\"EntryPoint\",\"urlTemplate\":\"https:\\\/\\\/ikre-bern.ch\\\/?s={search_term_string}\"},\"query-input\":{\"@type\":\"PropertyValueSpecification\",\"valueRequired\":true,\"valueName\":\"search_term_string\"}}],\"inLanguage\":\"sq-AL\"},{\"@type\":\"Organization\",\"@id\":\"https:\\\/\\\/ikre-bern.ch\\\/#organization\",\"name\":\"IKRE Bern\",\"url\":\"https:\\\/\\\/ikre-bern.ch\\\/\",\"logo\":{\"@type\":\"ImageObject\",\"inLanguage\":\"sq-AL\",\"@id\":\"https:\\\/\\\/ikre-bern.ch\\\/#\\\/schema\\\/logo\\\/image\\\/\",\"url\":\"https:\\\/\\\/ikre-bern.ch\\\/wp-content\\\/uploads\\\/2022\\\/10\\\/Ikre-bern-02.png\",\"contentUrl\":\"https:\\\/\\\/ikre-bern.ch\\\/wp-content\\\/uploads\\\/2022\\\/10\\\/Ikre-bern-02.png\",\"width\":4467,\"height\":1715,\"caption\":\"IKRE Bern\"},\"image\":{\"@id\":\"https:\\\/\\\/ikre-bern.ch\\\/#\\\/schema\\\/logo\\\/image\\\/\"},\"sameAs\":[\"https:\\\/\\\/www.facebook.com\\\/ikre.bern\"]}]}<\/script>\n<!-- \/ Yoast SEO plugin. -->","yoast_head_json":{"title":"Vaj kokosi - IKRE Bern","robots":{"index":"index","follow":"follow","max-snippet":"max-snippet:-1","max-image-preview":"max-image-preview:large","max-video-preview":"max-video-preview:-1"},"canonical":"https:\/\/ikre-bern.ch\/sq\/produkt\/vaj-kokosi\/","og_locale":"sq_AL","og_type":"article","og_title":"Vaj kokosi - IKRE Bern","og_description":"Vaj kokosi ose vaji i arr\u00ebs s\u00eb kokosit \u00ebsht\u00eb nj\u00eb mrekulli e v\u00ebrtet\u00eb. Ajo jep l\u00ebkur\u00eb prej kadifeje dhe flok\u00eb t\u00eb but\u00eb dhe mund t\u00eb kund\u00ebrveproj\u00eb me l\u00ebkur\u00ebn e njomur, herpesin dhe celulitin.","og_url":"https:\/\/ikre-bern.ch\/sq\/produkt\/vaj-kokosi\/","og_site_name":"IKRE Bern","article_publisher":"https:\/\/www.facebook.com\/ikre.bern","article_modified_time":"2020-03-15T15:05:54+00:00","og_image":[{"width":997,"height":1620,"url":"https:\/\/ikre-bern.ch\/wp-content\/uploads\/2020\/03\/IMG_6031.jpg","type":"image\/jpeg"}],"twitter_card":"summary_large_image","schema":{"@context":"https:\/\/schema.org","@graph":[{"@type":"WebPage","@id":"https:\/\/ikre-bern.ch\/sq\/produkt\/vaj-kokosi\/","url":"https:\/\/ikre-bern.ch\/sq\/produkt\/vaj-kokosi\/","name":"Vaj kokosi - IKRE Bern","isPartOf":{"@id":"https:\/\/ikre-bern.ch\/#website"},"primaryImageOfPage":{"@id":"https:\/\/ikre-bern.ch\/sq\/produkt\/vaj-kokosi\/#primaryimage"},"image":{"@id":"https:\/\/ikre-bern.ch\/sq\/produkt\/vaj-kokosi\/#primaryimage"},"thumbnailUrl":"https:\/\/ikre-bern.ch\/wp-content\/uploads\/2020\/03\/IMG_6031.jpg","datePublished":"2015-05-07T07:35:24+00:00","dateModified":"2020-03-15T15:05:54+00:00","breadcrumb":{"@id":"https:\/\/ikre-bern.ch\/sq\/produkt\/vaj-kokosi\/#breadcrumb"},"inLanguage":"sq-AL","potentialAction":[{"@type":"ReadAction","target":["https:\/\/ikre-bern.ch\/sq\/produkt\/vaj-kokosi\/"]}]},{"@type":"ImageObject","inLanguage":"sq-AL","@id":"https:\/\/ikre-bern.ch\/sq\/produkt\/vaj-kokosi\/#primaryimage","url":"https:\/\/ikre-bern.ch\/wp-content\/uploads\/2020\/03\/IMG_6031.jpg","contentUrl":"https:\/\/ikre-bern.ch\/wp-content\/uploads\/2020\/03\/IMG_6031.jpg","width":997,"height":1620,"caption":"Kokosnuss\u00f6l | Bio |"},{"@type":"BreadcrumbList","@id":"https:\/\/ikre-bern.ch\/sq\/produkt\/vaj-kokosi\/#breadcrumb","itemListElement":[{"@type":"ListItem","position":1,"name":"Home","item":"https:\/\/ikre-bern.ch\/sq\/"},{"@type":"ListItem","position":2,"name":"Shop","item":"https:\/\/ikre-bern.ch\/sq\/shop\/"},{"@type":"ListItem","position":3,"name":"Vaj kokosi"}]},{"@type":"WebSite","@id":"https:\/\/ikre-bern.ch\/#website","url":"https:\/\/ikre-bern.ch\/","name":"IKRE Bern","description":"Islamische Gemeinschaft Bern","publisher":{"@id":"https:\/\/ikre-bern.ch\/#organization"},"potentialAction":[{"@type":"SearchAction","target":{"@type":"EntryPoint","urlTemplate":"https:\/\/ikre-bern.ch\/?s={search_term_string}"},"query-input":{"@type":"PropertyValueSpecification","valueRequired":true,"valueName":"search_term_string"}}],"inLanguage":"sq-AL"},{"@type":"Organization","@id":"https:\/\/ikre-bern.ch\/#organization","name":"IKRE Bern","url":"https:\/\/ikre-bern.ch\/","logo":{"@type":"ImageObject","inLanguage":"sq-AL","@id":"https:\/\/ikre-bern.ch\/#\/schema\/logo\/image\/","url":"https:\/\/ikre-bern.ch\/wp-content\/uploads\/2022\/10\/Ikre-bern-02.png","contentUrl":"https:\/\/ikre-bern.ch\/wp-content\/uploads\/2022\/10\/Ikre-bern-02.png","width":4467,"height":1715,"caption":"IKRE Bern"},"image":{"@id":"https:\/\/ikre-bern.ch\/#\/schema\/logo\/image\/"},"sameAs":["https:\/\/www.facebook.com\/ikre.bern"]}]}},"_links":{"self":[{"href":"https:\/\/ikre-bern.ch\/sq\/wp-json\/wp\/v2\/product\/17086","targetHints":{"allow":["GET"]}}],"collection":[{"href":"https:\/\/ikre-bern.ch\/sq\/wp-json\/wp\/v2\/product"}],"about":[{"href":"https:\/\/ikre-bern.ch\/sq\/wp-json\/wp\/v2\/types\/product"}],"replies":[{"embeddable":true,"href":"https:\/\/ikre-bern.ch\/sq\/wp-json\/wp\/v2\/comments?post=17086"}],"wp:featuredmedia":[{"embeddable":true,"href":"https:\/\/ikre-bern.ch\/sq\/wp-json\/wp\/v2\/media\/17056"}],"wp:attachment":[{"href":"https:\/\/ikre-bern.ch\/sq\/wp-json\/wp\/v2\/media?parent=17086"}],"wp:term":[{"taxonomy":"product_brand","embeddable":true,"href":"https:\/\/ikre-bern.ch\/sq\/wp-json\/wp\/v2\/product_brand?post=17086"},{"taxonomy":"product_cat","embeddable":true,"href":"https:\/\/ikre-bern.ch\/sq\/wp-json\/wp\/v2\/product_cat?post=17086"},{"taxonomy":"product_tag","embeddable":true,"href":"https:\/\/ikre-bern.ch\/sq\/wp-json\/wp\/v2\/product_tag?post=17086"}],"curies":[{"name":"wp","href":"https:\/\/api.w.org\/{rel}","templated":true}]}}