{"id":17084,"date":"2015-05-07T09:39:15","date_gmt":"2015-05-07T07:39:15","guid":{"rendered":"https:\/\/ikre-bern.ch\/product\/misvak\/"},"modified":"2023-03-05T11:54:56","modified_gmt":"2023-03-05T10:54:56","slug":"misvak","status":"publish","type":"product","link":"https:\/\/ikre-bern.ch\/sq\/produkt\/misvak\/","title":{"rendered":"Misvak"},"content":{"rendered":"<p id=\"tw-target-text\" class=\"tw-data-text tw-text-large tw-ta\" data-placeholder=\"\u00dcbersetzung\"><span lang=\"sq\">Pema e dh\u00ebmb\u00ebve rritet n\u00eb shkret\u00ebtirat e Arabis\u00eb, Afrik\u00ebs Lindore dhe Lindjes s\u00eb Mesme dhe kombinon vetit\u00eb e fur\u00e7\u00ebs s\u00eb dh\u00ebmb\u00ebve dhe past\u00ebs s\u00eb dh\u00ebmb\u00ebve. Natyrisht p\u00ebrmban materiale mbrojt\u00ebse dhe pastrimi t\u00eb dh\u00ebmb\u00ebve. Nuk k\u00ebrkohet uj\u00eb p\u00ebr pastrimin e dh\u00ebmb\u00ebve me Misvak. Misvak \u00ebsht\u00eb p\u00ebrdorur p\u00ebr t\u00eb pastruar dh\u00ebmb\u00ebt q\u00eb nga koh\u00ebrat e lashta. P\u00ebrdorimi i deg\u00ebve t\u00eb p\u00ebrtypura me fibra u p\u00ebrmend n\u00eb kodin e lasht\u00eb indian t\u00eb Manu (rreth 600 pes) dhe rekomandohet n\u00eb koleksionin e famsh\u00ebm t\u00eb lasht\u00eb indian t\u00eb njohurive mjek\u00ebsore Sushruta (rreth 400 pas Krishtit). Misvak luan nj\u00eb rol t\u00eb madh n\u00eb bot\u00ebn islame, megjith\u00ebse nuk p\u00ebrmendet n\u00eb Kuran, Muhamedi s.a.w.s thuhet se e ka p\u00ebrdorur at\u00eb rregullisht sipas literatur\u00ebs s\u00eb hadithit.\u00a0<\/span><\/p>\n","protected":false},"excerpt":{"rendered":"<p id=\"tw-target-text\" class=\"tw-data-text tw-text-large tw-ta\" data-placeholder=\"\u00dcbersetzung\"><span lang=\"sq\">Misvak, i quajtur edhe Sivak, \u00ebsht\u00eb nj\u00eb deg\u00eb, syth ose rr\u00ebnj\u00eb t\u00eb pem\u00ebs s\u00eb dh\u00ebmbit (Salvadora persica L.), e cila p\u00ebrdoret p\u00ebr t\u00eb pastruar dh\u00ebmb\u00ebt. Misvak \u00ebsht\u00eb forma tradicionale arabe e fur\u00e7\u00ebs s\u00eb dh\u00ebmb\u00ebve.<\/span><\/p>\n","protected":false},"featured_media":17050,"comment_status":"closed","ping_status":"closed","template":"","meta":[],"product_brand":[],"product_cat":[190],"product_tag":[],"class_list":{"0":"post-17084","1":"product","2":"type-product","3":"status-publish","4":"has-post-thumbnail","6":"product_cat-shendetsore","8":"first","9":"outofstock","10":"shipping-taxable","11":"purchasable","12":"product-type-simple"},"yoast_head":"<!-- This site is optimized with the Yoast SEO plugin v27.4 - https:\/\/yoast.com\/product\/yoast-seo-wordpress\/ -->\n<title>Misvak - IKRE Bern<\/title>\n<meta name=\"robots\" content=\"index, follow, max-snippet:-1, max-image-preview:large, max-video-preview:-1\" \/>\n<link rel=\"canonical\" href=\"https:\/\/ikre-bern.ch\/sq\/produkt\/misvak\/\" \/>\n<meta property=\"og:locale\" content=\"sq_AL\" \/>\n<meta property=\"og:type\" content=\"article\" \/>\n<meta property=\"og:title\" content=\"Misvak - IKRE Bern\" \/>\n<meta property=\"og:description\" content=\"Misvak, i quajtur edhe Sivak, \u00ebsht\u00eb nj\u00eb deg\u00eb, syth ose rr\u00ebnj\u00eb t\u00eb pem\u00ebs s\u00eb dh\u00ebmbit (Salvadora persica L.), e cila p\u00ebrdoret p\u00ebr t\u00eb pastruar dh\u00ebmb\u00ebt. Misvak \u00ebsht\u00eb forma tradicionale arabe e fur\u00e7\u00ebs s\u00eb dh\u00ebmb\u00ebve.\" \/>\n<meta property=\"og:url\" content=\"https:\/\/ikre-bern.ch\/sq\/produkt\/misvak\/\" \/>\n<meta property=\"og:site_name\" content=\"IKRE Bern\" \/>\n<meta property=\"article:publisher\" content=\"https:\/\/www.facebook.com\/ikre.bern\" \/>\n<meta property=\"article:modified_time\" content=\"2023-03-05T10:54:56+00:00\" \/>\n<meta property=\"og:image\" content=\"https:\/\/ikre-bern.ch\/wp-content\/uploads\/2020\/03\/IMG_6028.jpg\" \/>\n\t<meta property=\"og:image:width\" content=\"1\" \/>\n\t<meta property=\"og:image:height\" content=\"1\" \/>\n\t<meta property=\"og:image:type\" content=\"image\/jpeg\" \/>\n<meta name=\"twitter:card\" content=\"summary_large_image\" \/>\n<meta name=\"twitter:label1\" content=\"Est. reading time\" \/>\n\t<meta name=\"twitter:data1\" content=\"1 minute\" \/>\n<script type=\"application\/ld+json\" class=\"yoast-schema-graph\">{\"@context\":\"https:\\\/\\\/schema.org\",\"@graph\":[{\"@type\":\"WebPage\",\"@id\":\"https:\\\/\\\/ikre-bern.ch\\\/sq\\\/produkt\\\/misvak\\\/\",\"url\":\"https:\\\/\\\/ikre-bern.ch\\\/sq\\\/produkt\\\/misvak\\\/\",\"name\":\"Misvak - IKRE Bern\",\"isPartOf\":{\"@id\":\"https:\\\/\\\/ikre-bern.ch\\\/#website\"},\"primaryImageOfPage\":{\"@id\":\"https:\\\/\\\/ikre-bern.ch\\\/sq\\\/produkt\\\/misvak\\\/#primaryimage\"},\"image\":{\"@id\":\"https:\\\/\\\/ikre-bern.ch\\\/sq\\\/produkt\\\/misvak\\\/#primaryimage\"},\"thumbnailUrl\":\"https:\\\/\\\/ikre-bern.ch\\\/wp-content\\\/uploads\\\/2020\\\/03\\\/IMG_6028.jpg\",\"datePublished\":\"2015-05-07T07:39:15+00:00\",\"dateModified\":\"2023-03-05T10:54:56+00:00\",\"breadcrumb\":{\"@id\":\"https:\\\/\\\/ikre-bern.ch\\\/sq\\\/produkt\\\/misvak\\\/#breadcrumb\"},\"inLanguage\":\"sq-AL\",\"potentialAction\":[{\"@type\":\"ReadAction\",\"target\":[\"https:\\\/\\\/ikre-bern.ch\\\/sq\\\/produkt\\\/misvak\\\/\"]}]},{\"@type\":\"ImageObject\",\"inLanguage\":\"sq-AL\",\"@id\":\"https:\\\/\\\/ikre-bern.ch\\\/sq\\\/produkt\\\/misvak\\\/#primaryimage\",\"url\":\"https:\\\/\\\/ikre-bern.ch\\\/wp-content\\\/uploads\\\/2020\\\/03\\\/IMG_6028.jpg\",\"contentUrl\":\"https:\\\/\\\/ikre-bern.ch\\\/wp-content\\\/uploads\\\/2020\\\/03\\\/IMG_6028.jpg\",\"caption\":\"Misvak | Fur\u00e7a e dh\u00ebmb\u00ebve | pastrim\"},{\"@type\":\"BreadcrumbList\",\"@id\":\"https:\\\/\\\/ikre-bern.ch\\\/sq\\\/produkt\\\/misvak\\\/#breadcrumb\",\"itemListElement\":[{\"@type\":\"ListItem\",\"position\":1,\"name\":\"Home\",\"item\":\"https:\\\/\\\/ikre-bern.ch\\\/sq\\\/\"},{\"@type\":\"ListItem\",\"position\":2,\"name\":\"Shop\",\"item\":\"https:\\\/\\\/ikre-bern.ch\\\/sq\\\/shop\\\/\"},{\"@type\":\"ListItem\",\"position\":3,\"name\":\"Misvak\"}]},{\"@type\":\"WebSite\",\"@id\":\"https:\\\/\\\/ikre-bern.ch\\\/#website\",\"url\":\"https:\\\/\\\/ikre-bern.ch\\\/\",\"name\":\"IKRE Bern\",\"description\":\"Islamische Gemeinschaft Bern\",\"publisher\":{\"@id\":\"https:\\\/\\\/ikre-bern.ch\\\/#organization\"},\"potentialAction\":[{\"@type\":\"SearchAction\",\"target\":{\"@type\":\"EntryPoint\",\"urlTemplate\":\"https:\\\/\\\/ikre-bern.ch\\\/?s={search_term_string}\"},\"query-input\":{\"@type\":\"PropertyValueSpecification\",\"valueRequired\":true,\"valueName\":\"search_term_string\"}}],\"inLanguage\":\"sq-AL\"},{\"@type\":\"Organization\",\"@id\":\"https:\\\/\\\/ikre-bern.ch\\\/#organization\",\"name\":\"IKRE Bern\",\"url\":\"https:\\\/\\\/ikre-bern.ch\\\/\",\"logo\":{\"@type\":\"ImageObject\",\"inLanguage\":\"sq-AL\",\"@id\":\"https:\\\/\\\/ikre-bern.ch\\\/#\\\/schema\\\/logo\\\/image\\\/\",\"url\":\"https:\\\/\\\/ikre-bern.ch\\\/wp-content\\\/uploads\\\/2022\\\/10\\\/Ikre-bern-02.png\",\"contentUrl\":\"https:\\\/\\\/ikre-bern.ch\\\/wp-content\\\/uploads\\\/2022\\\/10\\\/Ikre-bern-02.png\",\"width\":4467,\"height\":1715,\"caption\":\"IKRE Bern\"},\"image\":{\"@id\":\"https:\\\/\\\/ikre-bern.ch\\\/#\\\/schema\\\/logo\\\/image\\\/\"},\"sameAs\":[\"https:\\\/\\\/www.facebook.com\\\/ikre.bern\"]}]}<\/script>\n<!-- \/ Yoast SEO plugin. -->","yoast_head_json":{"title":"Misvak - IKRE Bern","robots":{"index":"index","follow":"follow","max-snippet":"max-snippet:-1","max-image-preview":"max-image-preview:large","max-video-preview":"max-video-preview:-1"},"canonical":"https:\/\/ikre-bern.ch\/sq\/produkt\/misvak\/","og_locale":"sq_AL","og_type":"article","og_title":"Misvak - IKRE Bern","og_description":"Misvak, i quajtur edhe Sivak, \u00ebsht\u00eb nj\u00eb deg\u00eb, syth ose rr\u00ebnj\u00eb t\u00eb pem\u00ebs s\u00eb dh\u00ebmbit (Salvadora persica L.), e cila p\u00ebrdoret p\u00ebr t\u00eb pastruar dh\u00ebmb\u00ebt. Misvak \u00ebsht\u00eb forma tradicionale arabe e fur\u00e7\u00ebs s\u00eb dh\u00ebmb\u00ebve.","og_url":"https:\/\/ikre-bern.ch\/sq\/produkt\/misvak\/","og_site_name":"IKRE Bern","article_publisher":"https:\/\/www.facebook.com\/ikre.bern","article_modified_time":"2023-03-05T10:54:56+00:00","og_image":[{"url":"https:\/\/ikre-bern.ch\/wp-content\/uploads\/2020\/03\/IMG_6028.jpg","width":1,"height":1,"type":"image\/jpeg"}],"twitter_card":"summary_large_image","twitter_misc":{"Est. reading time":"1 minute"},"schema":{"@context":"https:\/\/schema.org","@graph":[{"@type":"WebPage","@id":"https:\/\/ikre-bern.ch\/sq\/produkt\/misvak\/","url":"https:\/\/ikre-bern.ch\/sq\/produkt\/misvak\/","name":"Misvak - IKRE Bern","isPartOf":{"@id":"https:\/\/ikre-bern.ch\/#website"},"primaryImageOfPage":{"@id":"https:\/\/ikre-bern.ch\/sq\/produkt\/misvak\/#primaryimage"},"image":{"@id":"https:\/\/ikre-bern.ch\/sq\/produkt\/misvak\/#primaryimage"},"thumbnailUrl":"https:\/\/ikre-bern.ch\/wp-content\/uploads\/2020\/03\/IMG_6028.jpg","datePublished":"2015-05-07T07:39:15+00:00","dateModified":"2023-03-05T10:54:56+00:00","breadcrumb":{"@id":"https:\/\/ikre-bern.ch\/sq\/produkt\/misvak\/#breadcrumb"},"inLanguage":"sq-AL","potentialAction":[{"@type":"ReadAction","target":["https:\/\/ikre-bern.ch\/sq\/produkt\/misvak\/"]}]},{"@type":"ImageObject","inLanguage":"sq-AL","@id":"https:\/\/ikre-bern.ch\/sq\/produkt\/misvak\/#primaryimage","url":"https:\/\/ikre-bern.ch\/wp-content\/uploads\/2020\/03\/IMG_6028.jpg","contentUrl":"https:\/\/ikre-bern.ch\/wp-content\/uploads\/2020\/03\/IMG_6028.jpg","caption":"Misvak | Fur\u00e7a e dh\u00ebmb\u00ebve | pastrim"},{"@type":"BreadcrumbList","@id":"https:\/\/ikre-bern.ch\/sq\/produkt\/misvak\/#breadcrumb","itemListElement":[{"@type":"ListItem","position":1,"name":"Home","item":"https:\/\/ikre-bern.ch\/sq\/"},{"@type":"ListItem","position":2,"name":"Shop","item":"https:\/\/ikre-bern.ch\/sq\/shop\/"},{"@type":"ListItem","position":3,"name":"Misvak"}]},{"@type":"WebSite","@id":"https:\/\/ikre-bern.ch\/#website","url":"https:\/\/ikre-bern.ch\/","name":"IKRE Bern","description":"Islamische Gemeinschaft Bern","publisher":{"@id":"https:\/\/ikre-bern.ch\/#organization"},"potentialAction":[{"@type":"SearchAction","target":{"@type":"EntryPoint","urlTemplate":"https:\/\/ikre-bern.ch\/?s={search_term_string}"},"query-input":{"@type":"PropertyValueSpecification","valueRequired":true,"valueName":"search_term_string"}}],"inLanguage":"sq-AL"},{"@type":"Organization","@id":"https:\/\/ikre-bern.ch\/#organization","name":"IKRE Bern","url":"https:\/\/ikre-bern.ch\/","logo":{"@type":"ImageObject","inLanguage":"sq-AL","@id":"https:\/\/ikre-bern.ch\/#\/schema\/logo\/image\/","url":"https:\/\/ikre-bern.ch\/wp-content\/uploads\/2022\/10\/Ikre-bern-02.png","contentUrl":"https:\/\/ikre-bern.ch\/wp-content\/uploads\/2022\/10\/Ikre-bern-02.png","width":4467,"height":1715,"caption":"IKRE Bern"},"image":{"@id":"https:\/\/ikre-bern.ch\/#\/schema\/logo\/image\/"},"sameAs":["https:\/\/www.facebook.com\/ikre.bern"]}]}},"_links":{"self":[{"href":"https:\/\/ikre-bern.ch\/sq\/wp-json\/wp\/v2\/product\/17084","targetHints":{"allow":["GET"]}}],"collection":[{"href":"https:\/\/ikre-bern.ch\/sq\/wp-json\/wp\/v2\/product"}],"about":[{"href":"https:\/\/ikre-bern.ch\/sq\/wp-json\/wp\/v2\/types\/product"}],"replies":[{"embeddable":true,"href":"https:\/\/ikre-bern.ch\/sq\/wp-json\/wp\/v2\/comments?post=17084"}],"wp:featuredmedia":[{"embeddable":true,"href":"https:\/\/ikre-bern.ch\/sq\/wp-json\/wp\/v2\/media\/17050"}],"wp:attachment":[{"href":"https:\/\/ikre-bern.ch\/sq\/wp-json\/wp\/v2\/media?parent=17084"}],"wp:term":[{"taxonomy":"product_brand","embeddable":true,"href":"https:\/\/ikre-bern.ch\/sq\/wp-json\/wp\/v2\/product_brand?post=17084"},{"taxonomy":"product_cat","embeddable":true,"href":"https:\/\/ikre-bern.ch\/sq\/wp-json\/wp\/v2\/product_cat?post=17084"},{"taxonomy":"product_tag","embeddable":true,"href":"https:\/\/ikre-bern.ch\/sq\/wp-json\/wp\/v2\/product_tag?post=17084"}],"curies":[{"name":"wp","href":"https:\/\/api.w.org\/{rel}","templated":true}]}}