{"id":17083,"date":"2015-05-07T09:42:55","date_gmt":"2015-05-07T07:42:55","guid":{"rendered":"https:\/\/ikre-bern.ch\/product\/zemzem\/"},"modified":"2023-03-05T11:54:56","modified_gmt":"2023-03-05T10:54:56","slug":"zemzem","status":"publish","type":"product","link":"https:\/\/ikre-bern.ch\/sq\/produkt\/zemzem\/","title":{"rendered":"Uj\u00eb Zemzemi"},"content":{"rendered":"<div id=\"cmsmasters_row_b19fbf7d60\" class=\"cmsmasters_row cmsmasters_color_scheme_default cmsmasters_row_top_default cmsmasters_row_bot_default cmsmasters_row_boxed\">\n<div class=\"cmsmasters_row_outer_parent\">\n<div class=\"cmsmasters_row_outer\">\n<div class=\"cmsmasters_row_inner\">\n<div class=\"cmsmasters_row_margin\">\n<div id=\"cmsmasters_column_\" class=\"cmsmasters_column one_first\">\n<div class=\"cmsmasters_column_inner\"><div class=\"cmsmasters_text\">\n<p id=\"tw-target-text\" class=\"tw-data-text tw-text-large tw-ta\" data-placeholder=\"\u00dcbersetzung\"><span lang=\"sq\">Bunari Zemzem \u00ebsht\u00eb nj\u00eb burim i ujit t\u00eb fresk\u00ebt n\u00eb Qabe. Fillon midis dy kodrave Saffa dhe Marwa kur Haxherja, gruaja e Ibrahimit (as), vrapoi shtat\u00eb her\u00eb midis k\u00ebtyre kodrave n\u00eb k\u00ebrkim t\u00eb ujit p\u00ebr djalin e saj Ismailin (a.s). Kur u kthye te Ismaili (a.s) e lodhur, ajo gjeti nj\u00eb burim t\u00eb ujit. P\u00ebrve\u00e7 k\u00ebtij burimi, profet\u00ebt Ismaili (a.s) dhe Ibrahimi (a.s) nd\u00ebrtuan Qaben dhe qyteti i Mek\u00ebs u nd\u00ebrtua rreth sht\u00ebpis\u00eb s\u00eb Zotit. Edhe sot, musliman\u00ebt ecin midis dy kodrave shtat\u00eb her\u00eb gjat\u00eb haxhit dhe pin\u00eb ujin Zemzem. Uji konsiderohet t\u00eb jet\u00eb ve\u00e7an\u00ebrisht sh\u00ebrues. Prandaj, pelegrin\u00ebt sjellin shishe me uj\u00eb si dhurata p\u00ebr t\u00eb gjith\u00eb ata q\u00eb kan\u00eb q\u00ebndruar n\u00eb sht\u00ebpi. Teknikisht, bunari Zemzem \u00ebsht\u00eb rreth 30 m i thell\u00eb. Testet e pompave kan\u00eb treguar q\u00eb pompat prej 8 m3 \/ sekond\u00eb \u00e7uan n\u00eb nj\u00eb ulje t\u00eb nivelit t\u00eb uj\u00ebrave n\u00ebntok\u00ebsore nga rreth 3.5 m n\u00eb 13 m n\u00ebn sip\u00ebrfaqe, pas s\u00eb cil\u00ebs nuk u b\u00eb ulje e m\u00ebtejshme. Por tashm\u00eb 11 minuta pasi pompa ishte fikur, niveli i ujit ishte p\u00ebrs\u00ebri n\u00eb rreth 3.5 metra. Supozohet se burimi ka nj\u00eb zon\u00eb uj\u00ebmbledh\u00ebse shum\u00eb t\u00eb madhe.<\/span><\/p>\n<\/div>\n<\/div><\/div>\n<\/div>\n<\/div>\n<\/div>\n<\/div>\n<\/div>\n\n","protected":false},"excerpt":{"rendered":"<p>Zemzem (Arabisht \u0632\u0645\u0632\u0645), \u00ebsht\u00eb emri i nj\u00eb burimi n\u00eb oborrin e xhamis\u00eb s\u00eb madhe n\u00eb Mek\u00eb n\u00eb Arabin\u00eb Saudite. Uji konsiderohet t\u00eb jet\u00eb ve\u00e7an\u00ebrisht sh\u00ebrues.<\/p>\n","protected":false},"featured_media":17694,"comment_status":"closed","ping_status":"closed","template":"","meta":[],"product_brand":[],"product_cat":[190],"product_tag":[],"class_list":{"0":"post-17083","1":"product","2":"type-product","3":"status-publish","4":"has-post-thumbnail","6":"product_cat-shendetsore","8":"first","9":"outofstock","10":"shipping-taxable","11":"purchasable","12":"product-type-simple"},"yoast_head":"<!-- This site is optimized with the Yoast SEO plugin v27.4 - https:\/\/yoast.com\/product\/yoast-seo-wordpress\/ -->\n<title>Uj\u00eb Zemzemi - IKRE Bern<\/title>\n<meta name=\"robots\" content=\"index, follow, max-snippet:-1, max-image-preview:large, max-video-preview:-1\" \/>\n<link rel=\"canonical\" href=\"https:\/\/ikre-bern.ch\/sq\/produkt\/zemzem\/\" \/>\n<meta property=\"og:locale\" content=\"sq_AL\" \/>\n<meta property=\"og:type\" content=\"article\" \/>\n<meta property=\"og:title\" content=\"Uj\u00eb Zemzemi - IKRE Bern\" \/>\n<meta property=\"og:description\" content=\"Zemzem (Arabisht \u0632\u0645\u0632\u0645), \u00ebsht\u00eb emri i nj\u00eb burimi n\u00eb oborrin e xhamis\u00eb s\u00eb madhe n\u00eb Mek\u00eb n\u00eb Arabin\u00eb Saudite. Uji konsiderohet t\u00eb jet\u00eb ve\u00e7an\u00ebrisht sh\u00ebrues.\" \/>\n<meta property=\"og:url\" content=\"https:\/\/ikre-bern.ch\/sq\/produkt\/zemzem\/\" \/>\n<meta property=\"og:site_name\" content=\"IKRE Bern\" \/>\n<meta property=\"article:publisher\" content=\"https:\/\/www.facebook.com\/ikre.bern\" \/>\n<meta property=\"article:modified_time\" content=\"2023-03-05T10:54:56+00:00\" \/>\n<meta property=\"og:image\" content=\"https:\/\/ikre-bern.ch\/wp-content\/uploads\/2015\/05\/IMG_6026-scaled.jpg\" \/>\n\t<meta property=\"og:image:width\" content=\"1469\" \/>\n\t<meta property=\"og:image:height\" content=\"2560\" \/>\n\t<meta property=\"og:image:type\" content=\"image\/jpeg\" \/>\n<meta name=\"twitter:card\" content=\"summary_large_image\" \/>\n<meta name=\"twitter:label1\" content=\"Est. reading time\" \/>\n\t<meta name=\"twitter:data1\" content=\"2 minutes\" \/>\n<script type=\"application\/ld+json\" class=\"yoast-schema-graph\">{\"@context\":\"https:\\\/\\\/schema.org\",\"@graph\":[{\"@type\":\"WebPage\",\"@id\":\"https:\\\/\\\/ikre-bern.ch\\\/sq\\\/produkt\\\/zemzem\\\/\",\"url\":\"https:\\\/\\\/ikre-bern.ch\\\/sq\\\/produkt\\\/zemzem\\\/\",\"name\":\"Uj\u00eb Zemzemi - IKRE Bern\",\"isPartOf\":{\"@id\":\"https:\\\/\\\/ikre-bern.ch\\\/#website\"},\"primaryImageOfPage\":{\"@id\":\"https:\\\/\\\/ikre-bern.ch\\\/sq\\\/produkt\\\/zemzem\\\/#primaryimage\"},\"image\":{\"@id\":\"https:\\\/\\\/ikre-bern.ch\\\/sq\\\/produkt\\\/zemzem\\\/#primaryimage\"},\"thumbnailUrl\":\"https:\\\/\\\/ikre-bern.ch\\\/wp-content\\\/uploads\\\/2015\\\/05\\\/Zamzam-500-ml-e1679748320776.jpeg\",\"datePublished\":\"2015-05-07T07:42:55+00:00\",\"dateModified\":\"2023-03-05T10:54:56+00:00\",\"breadcrumb\":{\"@id\":\"https:\\\/\\\/ikre-bern.ch\\\/sq\\\/produkt\\\/zemzem\\\/#breadcrumb\"},\"inLanguage\":\"sq-AL\",\"potentialAction\":[{\"@type\":\"ReadAction\",\"target\":[\"https:\\\/\\\/ikre-bern.ch\\\/sq\\\/produkt\\\/zemzem\\\/\"]}]},{\"@type\":\"ImageObject\",\"inLanguage\":\"sq-AL\",\"@id\":\"https:\\\/\\\/ikre-bern.ch\\\/sq\\\/produkt\\\/zemzem\\\/#primaryimage\",\"url\":\"https:\\\/\\\/ikre-bern.ch\\\/wp-content\\\/uploads\\\/2015\\\/05\\\/Zamzam-500-ml-e1679748320776.jpeg\",\"contentUrl\":\"https:\\\/\\\/ikre-bern.ch\\\/wp-content\\\/uploads\\\/2015\\\/05\\\/Zamzam-500-ml-e1679748320776.jpeg\",\"width\":768,\"height\":1024},{\"@type\":\"BreadcrumbList\",\"@id\":\"https:\\\/\\\/ikre-bern.ch\\\/sq\\\/produkt\\\/zemzem\\\/#breadcrumb\",\"itemListElement\":[{\"@type\":\"ListItem\",\"position\":1,\"name\":\"Home\",\"item\":\"https:\\\/\\\/ikre-bern.ch\\\/sq\\\/\"},{\"@type\":\"ListItem\",\"position\":2,\"name\":\"Shop\",\"item\":\"https:\\\/\\\/ikre-bern.ch\\\/sq\\\/shop\\\/\"},{\"@type\":\"ListItem\",\"position\":3,\"name\":\"Uj\u00eb Zemzemi\"}]},{\"@type\":\"WebSite\",\"@id\":\"https:\\\/\\\/ikre-bern.ch\\\/#website\",\"url\":\"https:\\\/\\\/ikre-bern.ch\\\/\",\"name\":\"IKRE Bern\",\"description\":\"Islamische Gemeinschaft Bern\",\"publisher\":{\"@id\":\"https:\\\/\\\/ikre-bern.ch\\\/#organization\"},\"potentialAction\":[{\"@type\":\"SearchAction\",\"target\":{\"@type\":\"EntryPoint\",\"urlTemplate\":\"https:\\\/\\\/ikre-bern.ch\\\/?s={search_term_string}\"},\"query-input\":{\"@type\":\"PropertyValueSpecification\",\"valueRequired\":true,\"valueName\":\"search_term_string\"}}],\"inLanguage\":\"sq-AL\"},{\"@type\":\"Organization\",\"@id\":\"https:\\\/\\\/ikre-bern.ch\\\/#organization\",\"name\":\"IKRE Bern\",\"url\":\"https:\\\/\\\/ikre-bern.ch\\\/\",\"logo\":{\"@type\":\"ImageObject\",\"inLanguage\":\"sq-AL\",\"@id\":\"https:\\\/\\\/ikre-bern.ch\\\/#\\\/schema\\\/logo\\\/image\\\/\",\"url\":\"https:\\\/\\\/ikre-bern.ch\\\/wp-content\\\/uploads\\\/2022\\\/10\\\/Ikre-bern-02.png\",\"contentUrl\":\"https:\\\/\\\/ikre-bern.ch\\\/wp-content\\\/uploads\\\/2022\\\/10\\\/Ikre-bern-02.png\",\"width\":4467,\"height\":1715,\"caption\":\"IKRE Bern\"},\"image\":{\"@id\":\"https:\\\/\\\/ikre-bern.ch\\\/#\\\/schema\\\/logo\\\/image\\\/\"},\"sameAs\":[\"https:\\\/\\\/www.facebook.com\\\/ikre.bern\"]}]}<\/script>\n<!-- \/ Yoast SEO plugin. -->","yoast_head_json":{"title":"Uj\u00eb Zemzemi - IKRE Bern","robots":{"index":"index","follow":"follow","max-snippet":"max-snippet:-1","max-image-preview":"max-image-preview:large","max-video-preview":"max-video-preview:-1"},"canonical":"https:\/\/ikre-bern.ch\/sq\/produkt\/zemzem\/","og_locale":"sq_AL","og_type":"article","og_title":"Uj\u00eb Zemzemi - IKRE Bern","og_description":"Zemzem (Arabisht \u0632\u0645\u0632\u0645), \u00ebsht\u00eb emri i nj\u00eb burimi n\u00eb oborrin e xhamis\u00eb s\u00eb madhe n\u00eb Mek\u00eb n\u00eb Arabin\u00eb Saudite. Uji konsiderohet t\u00eb jet\u00eb ve\u00e7an\u00ebrisht sh\u00ebrues.","og_url":"https:\/\/ikre-bern.ch\/sq\/produkt\/zemzem\/","og_site_name":"IKRE Bern","article_publisher":"https:\/\/www.facebook.com\/ikre.bern","article_modified_time":"2023-03-05T10:54:56+00:00","og_image":[{"width":1469,"height":2560,"url":"https:\/\/ikre-bern.ch\/wp-content\/uploads\/2015\/05\/IMG_6026-scaled.jpg","type":"image\/jpeg"}],"twitter_card":"summary_large_image","twitter_misc":{"Est. reading time":"2 minutes"},"schema":{"@context":"https:\/\/schema.org","@graph":[{"@type":"WebPage","@id":"https:\/\/ikre-bern.ch\/sq\/produkt\/zemzem\/","url":"https:\/\/ikre-bern.ch\/sq\/produkt\/zemzem\/","name":"Uj\u00eb Zemzemi - IKRE Bern","isPartOf":{"@id":"https:\/\/ikre-bern.ch\/#website"},"primaryImageOfPage":{"@id":"https:\/\/ikre-bern.ch\/sq\/produkt\/zemzem\/#primaryimage"},"image":{"@id":"https:\/\/ikre-bern.ch\/sq\/produkt\/zemzem\/#primaryimage"},"thumbnailUrl":"https:\/\/ikre-bern.ch\/wp-content\/uploads\/2015\/05\/Zamzam-500-ml-e1679748320776.jpeg","datePublished":"2015-05-07T07:42:55+00:00","dateModified":"2023-03-05T10:54:56+00:00","breadcrumb":{"@id":"https:\/\/ikre-bern.ch\/sq\/produkt\/zemzem\/#breadcrumb"},"inLanguage":"sq-AL","potentialAction":[{"@type":"ReadAction","target":["https:\/\/ikre-bern.ch\/sq\/produkt\/zemzem\/"]}]},{"@type":"ImageObject","inLanguage":"sq-AL","@id":"https:\/\/ikre-bern.ch\/sq\/produkt\/zemzem\/#primaryimage","url":"https:\/\/ikre-bern.ch\/wp-content\/uploads\/2015\/05\/Zamzam-500-ml-e1679748320776.jpeg","contentUrl":"https:\/\/ikre-bern.ch\/wp-content\/uploads\/2015\/05\/Zamzam-500-ml-e1679748320776.jpeg","width":768,"height":1024},{"@type":"BreadcrumbList","@id":"https:\/\/ikre-bern.ch\/sq\/produkt\/zemzem\/#breadcrumb","itemListElement":[{"@type":"ListItem","position":1,"name":"Home","item":"https:\/\/ikre-bern.ch\/sq\/"},{"@type":"ListItem","position":2,"name":"Shop","item":"https:\/\/ikre-bern.ch\/sq\/shop\/"},{"@type":"ListItem","position":3,"name":"Uj\u00eb Zemzemi"}]},{"@type":"WebSite","@id":"https:\/\/ikre-bern.ch\/#website","url":"https:\/\/ikre-bern.ch\/","name":"IKRE Bern","description":"Islamische Gemeinschaft Bern","publisher":{"@id":"https:\/\/ikre-bern.ch\/#organization"},"potentialAction":[{"@type":"SearchAction","target":{"@type":"EntryPoint","urlTemplate":"https:\/\/ikre-bern.ch\/?s={search_term_string}"},"query-input":{"@type":"PropertyValueSpecification","valueRequired":true,"valueName":"search_term_string"}}],"inLanguage":"sq-AL"},{"@type":"Organization","@id":"https:\/\/ikre-bern.ch\/#organization","name":"IKRE Bern","url":"https:\/\/ikre-bern.ch\/","logo":{"@type":"ImageObject","inLanguage":"sq-AL","@id":"https:\/\/ikre-bern.ch\/#\/schema\/logo\/image\/","url":"https:\/\/ikre-bern.ch\/wp-content\/uploads\/2022\/10\/Ikre-bern-02.png","contentUrl":"https:\/\/ikre-bern.ch\/wp-content\/uploads\/2022\/10\/Ikre-bern-02.png","width":4467,"height":1715,"caption":"IKRE Bern"},"image":{"@id":"https:\/\/ikre-bern.ch\/#\/schema\/logo\/image\/"},"sameAs":["https:\/\/www.facebook.com\/ikre.bern"]}]}},"_links":{"self":[{"href":"https:\/\/ikre-bern.ch\/sq\/wp-json\/wp\/v2\/product\/17083","targetHints":{"allow":["GET"]}}],"collection":[{"href":"https:\/\/ikre-bern.ch\/sq\/wp-json\/wp\/v2\/product"}],"about":[{"href":"https:\/\/ikre-bern.ch\/sq\/wp-json\/wp\/v2\/types\/product"}],"replies":[{"embeddable":true,"href":"https:\/\/ikre-bern.ch\/sq\/wp-json\/wp\/v2\/comments?post=17083"}],"wp:featuredmedia":[{"embeddable":true,"href":"https:\/\/ikre-bern.ch\/sq\/wp-json\/wp\/v2\/media\/17694"}],"wp:attachment":[{"href":"https:\/\/ikre-bern.ch\/sq\/wp-json\/wp\/v2\/media?parent=17083"}],"wp:term":[{"taxonomy":"product_brand","embeddable":true,"href":"https:\/\/ikre-bern.ch\/sq\/wp-json\/wp\/v2\/product_brand?post=17083"},{"taxonomy":"product_cat","embeddable":true,"href":"https:\/\/ikre-bern.ch\/sq\/wp-json\/wp\/v2\/product_cat?post=17083"},{"taxonomy":"product_tag","embeddable":true,"href":"https:\/\/ikre-bern.ch\/sq\/wp-json\/wp\/v2\/product_tag?post=17083"}],"curies":[{"name":"wp","href":"https:\/\/api.w.org\/{rel}","templated":true}]}}